{"id":115,"date":"2023-08-26T14:18:39","date_gmt":"2023-08-26T12:18:39","guid":{"rendered":"https:\/\/fiab-staa.it\/?page_id=115"},"modified":"2023-08-26T14:21:26","modified_gmt":"2023-08-26T12:21:26","slug":"aktivitaeten","status":"publish","type":"page","link":"https:\/\/fiab-staa.it\/de\/aktivitaeten\/","title":{"rendered":"AKTIVIT\u00c4TEN"},"content":{"rendered":"\n<h2 class=\"wp-block-heading has-medium-font-size\">VELOFLORA 2023<\/h2>\n\n\n\n<div class=\"wp-block-columns is-layout-flex wp-container-core-columns-is-layout-9d6595d7 wp-block-columns-is-layout-flex\">\n<div class=\"wp-block-column is-layout-flow wp-block-column-is-layout-flow\" style=\"flex-basis:33.33%\">\n<figure class=\"wp-block-image size-large is-resized\"><img decoding=\"async\" src=\"https:\/\/fiab-staa.it\/wp-content\/uploads\/2023\/08\/foto-Ravanelli-81-1024x751.jpg\" alt=\"\" class=\"wp-image-117\" style=\"width:240px;height:177px\" width=\"240\" height=\"177\"\/><\/figure>\n<\/div>\n\n\n\n<div class=\"wp-block-column is-layout-flow wp-block-column-is-layout-flow\" style=\"flex-basis:70%\">\n<p class=\"has-small-font-size\">Am Wochenende um den <strong>1. Mai<\/strong> findet wie jedes Jahr der Blumenmarkt am Bozner  Waltherplatz statt, welcher mit seiner facettenreichen Architektur, der richtige Ort f\u00fcr eine so sch\u00f6ne und farbenreiche Veranstaltung ist. Man findet dort nicht nur alle erdenklichen Arten von Pflanzen und Blumen, sondern auch die 2.Ausgabe von <strong>VELOFLORA<\/strong>: Zwischen<strong> 29. April und 1 Mai<\/strong>&nbsp;<strong>2023 <\/strong>sind&nbsp;m <strong>PROGRAMM<\/strong>&nbsp;eine Expo mit historischen Fahr\u00e4dern und eine <strong>nostalgische Radtour <\/strong>quer durch Bozen mit blumen &#8211; geschm\u00fcckten &#8222;Oldtimer R\u00e4dern&#8220; und entsprechendem Outfit geplant.&nbsp;Anmeldungen auch vor Ort.<\/p>\n\n\n\n<p class=\"has-small-font-size\"> <strong>Schaut euch die Fotos an<\/strong> &gt;<strong><a href=\"https:\/\/fiab-staa.it\/de\/ciao-mondo\/\"> HIER <\/a><\/strong><\/p>\n<\/div>\n<\/div>\n\n\n\n<p class=\"has-medium-font-size\"><strong>FAHRRAD-VERNETZUNGSTREFFEN S\u00dcDTIROLS<\/strong><\/p>\n\n\n\n<div class=\"wp-block-columns is-layout-flex wp-container-core-columns-is-layout-9d6595d7 wp-block-columns-is-layout-flex\">\n<div class=\"wp-block-column is-layout-flow wp-block-column-is-layout-flow\" style=\"flex-basis:33.33%\">\n<figure class=\"wp-block-image size-large is-resized\"><img decoding=\"async\" src=\"https:\/\/fiab-staa.it\/wp-content\/uploads\/2023\/08\/IMG-20230413-WA0001-1024x768.jpg\" alt=\"\" class=\"wp-image-236\" style=\"width:243px;height:183px\" width=\"243\" height=\"183\"\/><\/figure>\n<\/div>\n\n\n\n<div class=\"wp-block-column is-layout-flow wp-block-column-is-layout-flow\" style=\"flex-basis:70%\">\n<p class=\"has-small-font-size\">Mitglieder der FIAB-STAA waren am 13.04.2023 in der EURAC beim 1. <strong>Fahrrad-Vernetzungstreffen S\u00fcdtirols<\/strong> mit dabei. Es war der ideale Rahmen, um sich zu vernetzen und die Fahrradmobilit\u00e4t in der eigenen Gemeinde oder im Verein voranzubringen. Pr\u00e4sident Fabio Martorano konnte den Anwesenden die FIAB pr\u00e4sentieren, so auch die Aktion &#8222;ComuniCiclabili&#8220; und die bereits vergebenen Zertifizierungen an die St\u00e4dte Bozen und Meran. Landesrat Daniel Alfreider hat die Veranstaltung er\u00f6ffnet und Alexander Alber, Direktor des neuen Landesamtes f\u00fcr Infrastrukturen und nachhaltige Mobilit\u00e4t, hat eine \u00dcbersicht zum Thema F\u00f6rderungen und Organisation der Radmobilit\u00e4t geben. Olivia Kieser (Greenmobility) hat zudem den neuen <strong>Landesmobilt\u00e4tsplan S\u00fcdtirols 2023-2030 <\/strong>vorgestellt <a rel=\"noreferrer noopener\" href=\"https:\/\/www.greenmobility.bz.it\/fileadmin\/user_upload\/Projekte\/Radmobilitaet\/Piano_prov._della_mobilita_ciclistica_IT_web-compressed_attualizzato_compressed.pdf?fbclid=IwAR3d0RZrd6B4c9Kx9IVE5Vby92ZJdg-eKXAdng72e1F5V-TOTKxbHYF8yqY\" target=\"_blank\">(https:\/\/www.greenmobility.bz.it<\/a><\/p>\n<\/div>\n<\/div>\n\n\n\n<h2 class=\"wp-block-heading has-medium-font-size\"><strong>KLIMAHOUSE MESSE 2023 MIT FIAB S\u00fcdtirol Alto Adige<\/strong><\/h2>\n\n\n\n<div class=\"wp-block-columns is-layout-flex wp-container-core-columns-is-layout-9d6595d7 wp-block-columns-is-layout-flex\">\n<div class=\"wp-block-column is-layout-flow wp-block-column-is-layout-flow\" style=\"flex-basis:33.33%\">\n<figure class=\"wp-block-image size-large is-resized\"><img decoding=\"async\" src=\"https:\/\/fiab-staa.it\/wp-content\/uploads\/2023\/08\/FOTO-FIAB_RAVANELLI-1024x768.jpg\" alt=\"\" class=\"wp-image-244\" style=\"aspect-ratio:4\/3;object-fit:cover;width:247px\" width=\"247\" srcset=\"https:\/\/fiab-staa.it\/wp-content\/uploads\/2023\/08\/FOTO-FIAB_RAVANELLI-1024x768.jpg 1024w, https:\/\/fiab-staa.it\/wp-content\/uploads\/2023\/08\/FOTO-FIAB_RAVANELLI-300x225.jpg 300w, https:\/\/fiab-staa.it\/wp-content\/uploads\/2023\/08\/FOTO-FIAB_RAVANELLI-768x576.jpg 768w, https:\/\/fiab-staa.it\/wp-content\/uploads\/2023\/08\/FOTO-FIAB_RAVANELLI.jpg 1200w\" sizes=\"(max-width: 1024px) 100vw, 1024px\" \/><\/figure>\n<\/div>\n\n\n\n<div class=\"wp-block-column is-layout-flow wp-block-column-is-layout-flow\" style=\"flex-basis:70%\">\n<p class=\"has-small-font-size\">Nehmt alle Teil an diesem intressanten Projekt auf der <strong>Klimahouse Messe<\/strong> in Bozen: Am <strong>Samstag, 11.03.2023,<\/strong> wird die FIAB S\u00fcdtirol bei einer wichtigen Veranstaltung, organisiert von Isola Ursa, teilnehmen. Wir begleiten auf einer <strong>Radtour<\/strong>, die quer durch Bozen f\u00fchrt, u.a. Fachleute und Journalisten (in Direkt\u00fcbertragung\/Streaming mit der MESSE BZ).<strong> Alle FIAB Mitglieder k\u00f6nnen gerne mitradel<\/strong>n (um 11.30 Uhr ist Start am Messeplatz). Vor der Radtour findet am Messeplatz ab 10.30 Uhr eine Tagung zum Thema <strong>Nachhaltigkeit und umweltfreundliche Mobilit\u00e4t <\/strong>statt mit viel Prominenz, so mit dem Ex-Mobilit\u00e4tsminister <strong>Giovannini <\/strong>und dem Radchampion <strong>Francesco Moser.<\/strong> Nach der Radtour gibt es einen Umtrunk.  Anbei das genaue <strong><a rel=\"noreferrer noopener\" href=\"https:\/\/www.fiab-staa.it\/_files\/ugd\/4f6adc_5015a7d16b674cc79650e4e32689af87.pdf\" target=\"_blank\">PROGRAMM <\/a><\/strong><\/p>\n<\/div>\n<\/div>\n\n\n\n<h2 class=\"wp-block-heading has-medium-font-size\"><strong>Bozner Radtag\/Bolzanoinbici am 9. Oktober 2022<\/strong><\/h2>\n\n\n\n<div class=\"wp-block-columns is-layout-flex wp-container-core-columns-is-layout-9d6595d7 wp-block-columns-is-layout-flex\">\n<div class=\"wp-block-column is-layout-flow wp-block-column-is-layout-flow\" style=\"flex-basis:33.33%\">\n<figure class=\"wp-block-image size-full is-resized\"><img decoding=\"async\" src=\"https:\/\/fiab-staa.it\/wp-content\/uploads\/2023\/08\/310741687_2352181021597451_3334522672625887601_n-Kopie.jpg\" alt=\"\" class=\"wp-image-251\" style=\"width:176px;height:251px\" width=\"176\" height=\"251\" srcset=\"https:\/\/fiab-staa.it\/wp-content\/uploads\/2023\/08\/310741687_2352181021597451_3334522672625887601_n-Kopie.jpg 448w, https:\/\/fiab-staa.it\/wp-content\/uploads\/2023\/08\/310741687_2352181021597451_3334522672625887601_n-Kopie-210x300.jpg 210w\" sizes=\"(max-width: 176px) 100vw, 176px\" \/><\/figure>\n<\/div>\n\n\n\n<div class=\"wp-block-column is-layout-flow wp-block-column-is-layout-flow\" style=\"flex-basis:80%\">\n<p class=\"has-small-font-size\">Der <strong>Bozner Radtag <\/strong>findet heuer erst am Sonntag, <strong>09.10.2022 <\/strong>auf den Strassen und Pl\u00e4tzen Bozens statt<strong>.<\/strong> Er ist einer der beliebtesten Volkssportveranstaltung mit j\u00e4hrlich mehr als 5.000 RadfahrerInnen aller Altersgruppen. Dabei werden den B\u00fcrgern allerlei Attraktionspunkte in den verschiedenen Stadtvierteln n\u00e4her gebracht. Die Startpunkte f\u00fcr die Stadtrundfahrt sind der Maria-Montessori-Platz, der Gerichtsplatz, der Matteottiplatz, der Mignonepark und der Kapuzinergarten. Ziel ist der Festplatz auf den Talferwiesen, wo um 17.30 Uhr auch die gro\u00dfe Verlosung stattfindet, bei der es u.a. Fahrr\u00e4der zu gewinnen gibt. Ein autofreier Tag auf zwei R\u00e4dern! Am Vortag (Samstag, 8.) ist zuvor die<strong> Light Bike Parade <\/strong>mit Start am Mazziniplatz im Programm,&nbsp; eine von Green Mobility und InSide Events &amp; Cultureorganisierte Nachtparade, bei der speziell&nbsp; beleuchtete R\u00e4der in der Gruppe durch die Stadt fahren werden. <strong>FIAB STAA<\/strong> ist heuer mit einem Stand vor Ort (im Areal des Fernheizwerks der Alperia, Rechte Eisackuferstrasse, 25) und l\u00e4dt alle Mitglieder ein, dabei zu sein. Alle Details und das genaue Programm findet sich <a href=\"https:\/\/opencity.gemeinde.bozen.it\/News\/Pressemitteilungen\/Der-Bozner-Radtag-2022-heuer-am-Sonntag-den-9.-Oktober\" target=\"_blank\" rel=\"noreferrer noopener\"><strong>HIER<\/strong><\/a><\/p>\n\n\n\n<p>\u200b<\/p>\n<\/div>\n<\/div>\n\n\n\n<h2 class=\"wp-block-heading has-medium-font-size\"><strong>#S\u00fcdtirol Radelt: Rad-Aktion startet wieder<\/strong><\/h2>\n\n\n\n<div class=\"wp-block-columns is-layout-flex wp-container-core-columns-is-layout-9d6595d7 wp-block-columns-is-layout-flex\">\n<div class=\"wp-block-column is-layout-flow wp-block-column-is-layout-flow\" style=\"flex-basis:33.33%\">\n<figure class=\"wp-block-image size-full is-resized\"><img loading=\"lazy\" decoding=\"async\" src=\"https:\/\/fiab-staa.it\/wp-content\/uploads\/2023\/08\/suedtirol_radcelt-.png\" alt=\"\" class=\"wp-image-256\" style=\"width:232px;height:150px\" width=\"232\" height=\"150\" srcset=\"https:\/\/fiab-staa.it\/wp-content\/uploads\/2023\/08\/suedtirol_radcelt-.png 914w, https:\/\/fiab-staa.it\/wp-content\/uploads\/2023\/08\/suedtirol_radcelt--300x194.png 300w, https:\/\/fiab-staa.it\/wp-content\/uploads\/2023\/08\/suedtirol_radcelt--768x496.png 768w\" sizes=\"(max-width: 232px) 100vw, 232px\" \/><\/figure>\n<\/div>\n\n\n\n<div class=\"wp-block-column is-layout-flow wp-block-column-is-layout-flow\" style=\"flex-basis:80%\">\n<p class=\"has-small-font-size\">Soeben ist die Sommer-Aktion <strong>\u201eS\u00fcdtirol radelt&#8220;<\/strong> gestartet, sie wird im September enden. Sommerradle auch Du! Diese richtet sich an alle RadfahrerInnen, egal ob jung oder alt, auf klassischen R\u00e4dern oder E-Bikes. Fahrradfahren macht gerade im Sommer Spa\u00df, ganz besonders, wenn man es mit der Besichtigung einer Sehensw\u00fcrdigkeit oder einem erfrischenden Bad in einem der S\u00fcdtiroler Badeseen verbinden kann. Einfach die <strong>S\u00fcdtirol-radelt-App<\/strong> aufs Handy herunterladen und die geradelten KM  \u00fcber die App eintragen oder jederzeit Online in <a rel=\"noreferrer noopener\" href=\"http:\/\/www.suedtirolradelt.bz.it\" target=\"_blank\"><strong>www.suedtirolradelt.bz.it<\/strong><\/a>.&nbsp; Bei der neuen Fahrrad-Schnitzeljagd k\u00f6nnen \u00fcber 100 verschiedene Orte, die \u00fcber das ganze Land verstreut sind, \u201eeingesammelt\u201d werden. Also anmelden und vor allem als <strong><strong>FIAB-STAA<\/strong><\/strong> &#8211; <strong>Verein <\/strong>fest radeln und KM eingeben. Tolle <a rel=\"noreferrer noopener\" href=\"https:\/\/www.suedtirolradelt.bz.it\/de\/gewinnen\" target=\"_blank\">Preise <\/a>sind zu gewinnen! Teilnahmebedingungen <a rel=\"noreferrer noopener\" href=\"https:\/\/www.suedtirolradelt.bz.it\/de\/agb\" target=\"_blank\"><strong>HIER<\/strong><\/a>.<\/p>\n<\/div>\n<\/div>\n\n\n\n<h2 class=\"wp-block-heading has-medium-font-size\">COMUNICICLABILI: AUCH BOZEN UND MERAN SIND MIT DABEI <\/h2>\n\n\n\n<div class=\"wp-block-columns is-layout-flex wp-container-core-columns-is-layout-9d6595d7 wp-block-columns-is-layout-flex\">\n<div class=\"wp-block-column is-layout-flow wp-block-column-is-layout-flow\" style=\"flex-basis:33%\">\n<figure class=\"wp-block-image size-large is-resized\"><img loading=\"lazy\" decoding=\"async\" src=\"https:\/\/fiab-staa.it\/wp-content\/uploads\/2023\/08\/Foto-FIAB-STAA-Merano-Comune-Ciclabile-2022-1024x718.jpg\" alt=\"\" class=\"wp-image-371\" style=\"object-fit:cover;width:228px;height:171px\" width=\"228\" height=\"171\"\/><\/figure>\n<\/div>\n\n\n\n<div class=\"wp-block-column is-layout-flow wp-block-column-is-layout-flow\" style=\"flex-basis:80%\">\n<p class=\"has-small-font-size\">Auch S\u00fcdtiroler Gemeinden k\u00f6nnen an der Aktion<strong> ComuniCiclabili der FIAB <\/strong>teilnehmen, eine fahrradfreundliche Zertifizierung, die bisher an 180 italienische St\u00e4dte vergeben wurde. Die FIAB bewertet Italienweit den Stand der Radmobilit\u00e4t der Gemeinden und begleitet sie auf dem Weg zu einer fahrradfreundlichen Politik und zur Entwicklung von Aktionen zugunsten des Radverkehrs. Die Anerkennung gibt den Orten zweimal im Jahr eine Punktzahl von 1 bis 5, die auf der Grundlage mehrerer Parameter vergeben und durch ebenso viele &#8222;<strong>Bike smile<\/strong>&#8220; auf der Gelben Flagge dargestellt wird.<\/p>\n<\/div>\n<\/div>\n\n\n\n<p class=\"has-small-font-size\">Um die Anerkennung zu erhalten, muss die Gemeinde mind. eine Anforderung in 3 der 4 Bewertungsbereiche erf\u00fcllen: eine im Bereich &#8222;St\u00e4dtische Mobilit\u00e4t&#8220; (st\u00e4dtischer Radverkehr, Infrastruktur, Verkehrs- und Geschwindigkeitsmoderation), eine im Bereich &#8222;Governance&#8220; (st\u00e4dtische Mobilit\u00e4tspolitik und -dienstleistungen), eine in &#8222;Kommuniktion &amp; Promotion&#8220;, w\u00e4hrend die Anforderung im Bereich &#8222;Radtourismus&#8220; nicht zwingend f\u00fcr die Bewertung ist. Unter den 46 Gemeinden, die bereits im Netzwerk von <strong>ComuniCiclabili<\/strong> sind, stechen 13 St\u00e4dte hervor, darunter auch BOZEN (die Landeshauptstadt hat bereits 5mal die H\u00f6chstnote von 5 Bike Smiles erhalten) und MERAN (4mal mit 5 bike smiles). Die Gemeinden, die bei der n\u00e4chsten Ausgabe im April dabei sein wollen, haben bis Ende Februar Zeit. &gt;<a rel=\"noreferrer noopener\" href=\"http:\/\/www.comuniciclabili.it\" target=\"_blank\"><strong> www.comuniciclabili.it<\/strong><\/a><\/p>\n\n\n\n<div class=\"wp-block-columns is-layout-flex wp-container-core-columns-is-layout-9d6595d7 wp-block-columns-is-layout-flex\">\n<div class=\"wp-block-column is-layout-flow wp-block-column-is-layout-flow\" style=\"flex-basis:100%\">\n<p class=\"has-medium-font-size\"><strong>BIMBIMBICI: RADTOUR MIT DER GEMEINDE MERAN<\/strong><\/p>\n\n\n\n<div class=\"wp-block-columns is-layout-flex wp-container-core-columns-is-layout-9d6595d7 wp-block-columns-is-layout-flex\">\n<div class=\"wp-block-column is-layout-flow wp-block-column-is-layout-flow\" style=\"flex-basis:33%\">\n<figure class=\"wp-block-image size-large is-resized\"><img loading=\"lazy\" decoding=\"async\" src=\"https:\/\/fiab-staa.it\/wp-content\/uploads\/2023\/08\/foto13_FIAB-STAA_Ravanelli-edited-1024x768.jpg\" alt=\"\" class=\"wp-image-263\" style=\"width:227px;height:170px\" width=\"227\" height=\"170\" srcset=\"https:\/\/fiab-staa.it\/wp-content\/uploads\/2023\/08\/foto13_FIAB-STAA_Ravanelli-edited-1024x768.jpg 1024w, https:\/\/fiab-staa.it\/wp-content\/uploads\/2023\/08\/foto13_FIAB-STAA_Ravanelli-edited-300x225.jpg 300w, https:\/\/fiab-staa.it\/wp-content\/uploads\/2023\/08\/foto13_FIAB-STAA_Ravanelli-edited-768x576.jpg 768w, https:\/\/fiab-staa.it\/wp-content\/uploads\/2023\/08\/foto13_FIAB-STAA_Ravanelli-edited.jpg 1536w\" sizes=\"(max-width: 227px) 100vw, 227px\" \/><\/figure>\n<\/div>\n\n\n\n<div class=\"wp-block-column is-layout-flow wp-block-column-is-layout-flow\" style=\"flex-basis:80%\">\n<p class=\"has-small-font-size\">Sicherheit beim Radfahren lernt man bereits von klein auf! Die <strong>FIAB S\u00fcdtirol Alto Adige<\/strong> und die Stadtgemeinde <strong>MERAN <\/strong>haben am <strong>Sonntag, 22. Mai 2022 <\/strong>zur <strong>&#8222;Bimbimbici&#8220;<\/strong> eingeladen und viele Radfahrer\/innen sind gekommen! Start war am Meraner Sandplatz, Ziel der Sissi-Park, wo nach dem Ausflug allerlei Spiele des VKE und kostenloses Eis von der Eisdiele Sabine geboten wurden. Eine gelungene Radtour f\u00fcr Jung und Alt, bei der man sicheres Radfahren lernen konnte, dank der Hilfe vonseiten der Gemeinde (allen voran Vizeb\u00fcrgermeisterin Katharina Zeller und Gemeinder\u00e4tin Emanuela Albieri), der Stadtpolizei und der Freiwilligen der FIAB-STAA, Es war ein m\u00e4rchenhafter Sonntag auf dem Drahtesel mit vielen Emotionen!&nbsp; &nbsp; &nbsp; <strong><a href=\"https:\/\/fiab-staa.it\/de\/?p=305&amp;preview=true\">&gt; FOTOS HIER<\/a><\/strong><\/p>\n<\/div>\n<\/div>\n<\/div>\n<\/div>\n\n\n\n<h2 class=\"wp-block-heading has-medium-font-size\"><strong>Jeder Meter lohnt sich: Plakataktion f\u00fcrs Radfahren<\/strong><\/h2>\n\n\n\n<div class=\"wp-block-columns is-layout-flex wp-container-core-columns-is-layout-9d6595d7 wp-block-columns-is-layout-flex\">\n<div class=\"wp-block-column is-layout-flow wp-block-column-is-layout-flow\" style=\"flex-basis:33.33%\">\n<figure class=\"wp-block-image size-large is-resized\"><img loading=\"lazy\" decoding=\"async\" src=\"https:\/\/fiab-staa.it\/wp-content\/uploads\/2023\/08\/anrdatuttinbici-727x1024.jpg\" alt=\"\" class=\"wp-image-381\" style=\"width:167px;height:236px\" width=\"167\" height=\"236\" srcset=\"https:\/\/fiab-staa.it\/wp-content\/uploads\/2023\/08\/anrdatuttinbici-727x1024.jpg 727w, https:\/\/fiab-staa.it\/wp-content\/uploads\/2023\/08\/anrdatuttinbici-213x300.jpg 213w, https:\/\/fiab-staa.it\/wp-content\/uploads\/2023\/08\/anrdatuttinbici-768x1082.jpg 768w, https:\/\/fiab-staa.it\/wp-content\/uploads\/2023\/08\/anrdatuttinbici.jpg 852w\" sizes=\"(max-width: 167px) 100vw, 167px\" \/><\/figure>\n<\/div>\n\n\n\n<div class=\"wp-block-column is-layout-flow wp-block-column-is-layout-flow\" style=\"flex-basis:99%\">\n<p class=\"has-small-font-size\">Es war die Corona-Zeit, aber es gilt auch f\u00fcr die Zeit danach: Radfahren hat Vorteile f\u00fcr jeden Einzelnen und die Gemeinschaft. Mit dieser Botschaft startete im Juli 2021 s\u00fcdtirolweit eine Plakataktion mit den Spr\u00fcchen &#8222;Jeder Meter lohnt sich&#8220;, &#8222;Lieber mit dem Rad&#8220;&#8230; damit \u00fcbernahm S\u00fcdtirol die von vielen italienischen St\u00e4dten&nbsp; mitgetragene Kommunikationskampagne <strong>#andr\u00e0tuttinbici.<\/strong> Sie soll den B\u00fcrgern vermitteln, dass das Fahrrad in den Phasen 2 und 3 nach dem Covid-19-Noststand das ideale Verkehrsmittel und eine echte Alternative zum Auto darstellt. Die S\u00fcdtiroler Sektion der FIAB hat die Aktion gemeinsam mit <strong>&#8222;Salvaciclisti&#8220; <\/strong>von Bologna, dem <strong>Land S\u00fcdtirol und Green Mobility (STA)<\/strong>&nbsp;in S\u00fcdtirol umgesetzt und die Slogans auch ins Deutsche und sogar ins Ladinische \u00fcbertragen. Das erste Plakat wurde am Busbahnhof in Bozen angebracht, andere waren aber auch auf Initiative des Landes S\u00fcdtirol auf dem gesamten Landesgebiet an stark besuchten Orten, in den regionalen Flirt Z\u00fcgen und in den sozialen Netzwerken zu sehen. Eine gelungene Aktion!<\/p>\n<\/div>\n<\/div>\n\n\n\n<figure class=\"wp-block-gallery has-nested-images columns-default is-cropped wp-block-gallery-1 is-layout-flex wp-block-gallery-is-layout-flex\">\n<figure class=\"wp-block-image size-large\"><img loading=\"lazy\" decoding=\"async\" width=\"1024\" height=\"435\" data-id=\"385\" src=\"https:\/\/fiab-staa.it\/wp-content\/uploads\/2023\/08\/file2-Kopie-1024x435.jpg\" alt=\"\" class=\"wp-image-385\" srcset=\"https:\/\/fiab-staa.it\/wp-content\/uploads\/2023\/08\/file2-Kopie-1024x435.jpg 1024w, https:\/\/fiab-staa.it\/wp-content\/uploads\/2023\/08\/file2-Kopie-300x128.jpg 300w, https:\/\/fiab-staa.it\/wp-content\/uploads\/2023\/08\/file2-Kopie-768x326.jpg 768w, https:\/\/fiab-staa.it\/wp-content\/uploads\/2023\/08\/file2-Kopie-1536x653.jpg 1536w, https:\/\/fiab-staa.it\/wp-content\/uploads\/2023\/08\/file2-Kopie-2048x871.jpg 2048w\" sizes=\"(max-width: 1024px) 100vw, 1024px\" \/><\/figure>\n<\/figure>\n","protected":false},"excerpt":{"rendered":"<p>VELOFLORA 2023 Am Wochenende um den 1. Mai findet wie jedes Jahr der Blumenmarkt am Bozner Waltherplatz statt, welcher mit seiner facettenreichen Architektur, der richtige Ort f\u00fcr eine so sch\u00f6ne und farbenreiche Veranstaltung ist. Man findet dort nicht nur alle erdenklichen Arten von Pflanzen und Blumen, sondern auch die 2.Ausgabe&hellip;<\/p>\n<p> <a class=\"more-link\" href=\"https:\/\/fiab-staa.it\/de\/aktivitaeten\/\">Weiterlesen<\/a><\/p>\n","protected":false},"author":3,"featured_media":0,"parent":0,"menu_order":0,"comment_status":"closed","ping_status":"closed","template":"","meta":{"footnotes":""},"class_list":["post-115","page","type-page","status-publish"],"_links":{"self":[{"href":"https:\/\/fiab-staa.it\/de\/wp-json\/wp\/v2\/pages\/115","targetHints":{"allow":["GET"]}}],"collection":[{"href":"https:\/\/fiab-staa.it\/de\/wp-json\/wp\/v2\/pages"}],"about":[{"href":"https:\/\/fiab-staa.it\/de\/wp-json\/wp\/v2\/types\/page"}],"author":[{"embeddable":true,"href":"https:\/\/fiab-staa.it\/de\/wp-json\/wp\/v2\/users\/3"}],"replies":[{"embeddable":true,"href":"https:\/\/fiab-staa.it\/de\/wp-json\/wp\/v2\/comments?post=115"}],"version-history":[{"count":39,"href":"https:\/\/fiab-staa.it\/de\/wp-json\/wp\/v2\/pages\/115\/revisions"}],"predecessor-version":[{"id":828,"href":"https:\/\/fiab-staa.it\/de\/wp-json\/wp\/v2\/pages\/115\/revisions\/828"}],"wp:attachment":[{"href":"https:\/\/fiab-staa.it\/de\/wp-json\/wp\/v2\/media?parent=115"}],"curies":[{"name":"wp","href":"https:\/\/api.w.org\/{rel}","templated":true}]}}