{"id":37,"date":"2023-08-26T14:20:54","date_gmt":"2023-08-26T12:20:54","guid":{"rendered":"https:\/\/fiab-staa.it\/?page_id=37"},"modified":"2023-09-26T17:59:28","modified_gmt":"2023-09-26T15:59:28","slug":"ueber-uns","status":"publish","type":"page","link":"https:\/\/fiab-staa.it\/de\/ueber-uns\/","title":{"rendered":"\u00dcBER UNS"},"content":{"rendered":"<div class=\"wp-block-image\">\n<figure class=\"aligncenter size-large is-resized\"><img decoding=\"async\" src=\"https:\/\/fiab-staa.it\/wp-content\/uploads\/2023\/08\/logo-FIAB_STAA-1-1024x628.jpg\" alt=\"\" class=\"wp-image-276\" style=\"width:258px;height:158px\" width=\"258\" height=\"158\" srcset=\"https:\/\/fiab-staa.it\/wp-content\/uploads\/2023\/08\/logo-FIAB_STAA-1-1024x628.jpg 1024w, https:\/\/fiab-staa.it\/wp-content\/uploads\/2023\/08\/logo-FIAB_STAA-1-300x184.jpg 300w, https:\/\/fiab-staa.it\/wp-content\/uploads\/2023\/08\/logo-FIAB_STAA-1-768x471.jpg 768w, https:\/\/fiab-staa.it\/wp-content\/uploads\/2023\/08\/logo-FIAB_STAA-1.jpg 1200w\" sizes=\"(max-width: 258px) 100vw, 258px\" \/><\/figure>\n<\/div>\n\n\n<p>Die FIAB (Federazione Italiana Ambiente e Bicicletta) hat es sich zum Ziel gemacht, Aktivit\u00e4ten im Bereich des Umweltschutzes, der nachhaltigen Mobilit\u00e4t und die F\u00f6rderung des Fahrradverkehrs zu unterst\u00fctzen und vor allem das Fahrrad als \u00f6kologisches und gesundes Transportmittel f\u00fcr den Alltagsverkehr zu bewerben. Mit seinen 20.000 Mitgliedern und 190 Sektionen italienweit ist die FIAB Italiens gr\u00f6sster Interessensverein.<\/p>\n\n\n\n<p><br>Die FIAB S\u00dcDTIROL ALTO ADIGE (FIAB-STAA) wurde am 1. Dezember 2019 in Bozen gegr\u00fcndet. Die FIAB STAA, bis vor Kurzem ein &#8222;Non Profit&#8220; Onlus Verein (APS, Associazione di Promozione Sociale), hat sich auch den Zeiten angepasst und ist seit April 2023 ein Verein des Dritten Sektors (ETS, Ente del Terzo Settore) und ist im RUNTS eingetragen (Protokoll Nr. 321122). Die Mitgliederversammlung findet regelm\u00e4\u00dfig&#8230;. <strong><a href=\"https:\/\/fiab-staa.it\/de\/?p=460\">&gt; WEITERLESEN <\/a><\/strong><\/p>\n\n\n<div class=\"wp-block-image\">\n<figure class=\"alignright size-full is-resized\"><img decoding=\"async\" src=\"https:\/\/fiab-staa.it\/wp-content\/uploads\/2023\/08\/336738150_912283900107792_1794429536353103097_n.jpg\" alt=\"\" class=\"wp-image-69\" style=\"width:160px;height:159px\" width=\"160\" height=\"159\" srcset=\"https:\/\/fiab-staa.it\/wp-content\/uploads\/2023\/08\/336738150_912283900107792_1794429536353103097_n.jpg 318w, https:\/\/fiab-staa.it\/wp-content\/uploads\/2023\/08\/336738150_912283900107792_1794429536353103097_n-300x297.jpg 300w, https:\/\/fiab-staa.it\/wp-content\/uploads\/2023\/08\/336738150_912283900107792_1794429536353103097_n-150x150.jpg 150w\" sizes=\"(max-width: 160px) 100vw, 160px\" \/><\/figure>\n<\/div>\n\n\n<h6 class=\"wp-block-heading has-text-align-left has-medium-font-size\"><strong>WERDE JETZT <\/strong>FIAB &#8211; STAA MITGLIED ! <\/h6>\n\n\n\n<h6 class=\"wp-block-heading has-text-align-left has-medium-font-size\" style=\"text-transform:none\">Spende der FIAB-STAA deinen <strong>5&#215;1000 Anteil <\/strong>&gt; Steuernummer hier rechts: DANKE!!<\/h6>\n\n\n<div class=\"wp-block-image\">\n<figure class=\"aligncenter size-full is-resized\"><img fetchpriority=\"high\" decoding=\"async\" src=\"https:\/\/fiab-staa.it\/wp-content\/uploads\/2023\/08\/359724327_301811629045959_6825482944770865320_n.jpg\" alt=\"\" class=\"wp-image-269\" style=\"width:1008px;height:429px\" width=\"1008\" height=\"429\" srcset=\"https:\/\/fiab-staa.it\/wp-content\/uploads\/2023\/08\/359724327_301811629045959_6825482944770865320_n.jpg 960w, https:\/\/fiab-staa.it\/wp-content\/uploads\/2023\/08\/359724327_301811629045959_6825482944770865320_n-300x128.jpg 300w, https:\/\/fiab-staa.it\/wp-content\/uploads\/2023\/08\/359724327_301811629045959_6825482944770865320_n-768x326.jpg 768w\" sizes=\"(max-width: 1008px) 100vw, 1008px\" \/><\/figure>\n<\/div>","protected":false},"excerpt":{"rendered":"<p>Die FIAB (Federazione Italiana Ambiente e Bicicletta) hat es sich zum Ziel gemacht, Aktivit\u00e4ten im Bereich des Umweltschutzes, der nachhaltigen Mobilit\u00e4t und die F\u00f6rderung des Fahrradverkehrs zu unterst\u00fctzen und vor allem das Fahrrad als \u00f6kologisches und gesundes Transportmittel f\u00fcr den Alltagsverkehr zu bewerben. Mit seinen 20.000 Mitgliedern und 190 Sektionen&hellip;<\/p>\n<p> <a class=\"more-link\" href=\"https:\/\/fiab-staa.it\/de\/ueber-uns\/\">Weiterlesen<\/a><\/p>\n","protected":false},"author":2,"featured_media":0,"parent":0,"menu_order":0,"comment_status":"closed","ping_status":"closed","template":"","meta":{"footnotes":""},"class_list":["post-37","page","type-page","status-publish"],"_links":{"self":[{"href":"https:\/\/fiab-staa.it\/de\/wp-json\/wp\/v2\/pages\/37","targetHints":{"allow":["GET"]}}],"collection":[{"href":"https:\/\/fiab-staa.it\/de\/wp-json\/wp\/v2\/pages"}],"about":[{"href":"https:\/\/fiab-staa.it\/de\/wp-json\/wp\/v2\/types\/page"}],"author":[{"embeddable":true,"href":"https:\/\/fiab-staa.it\/de\/wp-json\/wp\/v2\/users\/2"}],"replies":[{"embeddable":true,"href":"https:\/\/fiab-staa.it\/de\/wp-json\/wp\/v2\/comments?post=37"}],"version-history":[{"count":34,"href":"https:\/\/fiab-staa.it\/de\/wp-json\/wp\/v2\/pages\/37\/revisions"}],"predecessor-version":[{"id":1074,"href":"https:\/\/fiab-staa.it\/de\/wp-json\/wp\/v2\/pages\/37\/revisions\/1074"}],"wp:attachment":[{"href":"https:\/\/fiab-staa.it\/de\/wp-json\/wp\/v2\/media?parent=37"}],"curies":[{"name":"wp","href":"https:\/\/api.w.org\/{rel}","templated":true}]}}