{"id":30,"date":"2023-07-14T20:11:18","date_gmt":"2023-07-14T18:11:18","guid":{"rendered":"https:\/\/fiab-staa.it\/?page_id=30"},"modified":"2025-02-28T10:57:51","modified_gmt":"2025-02-28T09:57:51","slug":"tesseramento","status":"publish","type":"page","link":"https:\/\/fiab-staa.it\/it\/tesseramento\/","title":{"rendered":"TESSERAMENTO"},"content":{"rendered":"<div class=\"wp-block-image\">\n<figure class=\"aligncenter size-large is-resized\"><img fetchpriority=\"high\" decoding=\"async\" width=\"1024\" height=\"628\" src=\"https:\/\/fiab-staa.it\/wp-content\/uploads\/2023\/08\/logo-FIAB_STAA-1-1024x628.jpg\" alt=\"\" class=\"wp-image-277\" style=\"width:217px;height:133px\" srcset=\"https:\/\/fiab-staa.it\/wp-content\/uploads\/2023\/08\/logo-FIAB_STAA-1-1024x628.jpg 1024w, https:\/\/fiab-staa.it\/wp-content\/uploads\/2023\/08\/logo-FIAB_STAA-1-300x184.jpg 300w, https:\/\/fiab-staa.it\/wp-content\/uploads\/2023\/08\/logo-FIAB_STAA-1-768x471.jpg 768w, https:\/\/fiab-staa.it\/wp-content\/uploads\/2023\/08\/logo-FIAB_STAA-1.jpg 1200w\" sizes=\"(max-width: 1024px) 100vw, 1024px\" \/><\/figure>\n<\/div>\n\n\n<p class=\"has-text-align-center has-luminous-vivid-amber-color has-text-color has-medium-font-size\"><em>FIAB : dalla parte di chi #pedalaognigiorno<\/em><\/p>\n\n\n\n<p class=\"has-text-align-center has-medium-font-size\"><strong>Diventa socio ed aiuta a rafforzare i tuoi diritti come cittadino e come ciclista!<\/strong><\/p>\n\n\n\n<p>Entrando a far parte di un\u2019organizzazione che promuove l\u2019uso della bicicletta e l\u2019ambiente a livello locale e nazionale, contribuirai attivamente a campagne di sensibilizzazione e advocacy, riuscendo a fare ancora di pi\u00f9 per la ciclabilit\u00e0 in Alto Adige e in Italia.<\/p>\n\n\n\n<p>Pi\u00f9 soci siamo, pi\u00f9 vantaggi possiamo ottenere per i ciclisti: citt\u00e0 pi\u00f9 favorevoli alla bicicletta, pi\u00f9 sicurezza sulle strade e meno inquinamento atmosferico. Proponi l&#8217;iscrizione anche ad amici e conoscenti. <strong>Pi\u00f9 siamo, pi\u00f9 contiamo!<\/strong><\/p>\n\n\n\n<p class=\"has-medium-font-size\"><strong>QUOTA ASSOCIATIVA:<\/strong><\/p>\n\n\n\n<figure class=\"wp-block-table\"><table><tbody><tr><td>Quota ordinaria (senza BC-Magazine)<\/td><td class=\"has-text-align-center\" data-align=\"center\"><strong>25,00\u20ac<\/strong><\/td><\/tr><tr><td>Quota ordinaria (con BC-Magazine)<\/td><td class=\"has-text-align-center\" data-align=\"center\"><strong>31,00\u20ac<\/strong><\/td><\/tr><tr><td>Junior (minori di 14 anni)<\/td><td class=\"has-text-align-center\" data-align=\"center\"><strong>5,00\u20ac<\/strong><\/td><\/tr><tr><td>Studenti (senza BC-Magazine)<\/td><td class=\"has-text-align-center\" data-align=\"center\"><strong>15,00\u20ac<\/strong><\/td><\/tr><tr><td>Studenti (con BC-Magazine)<\/td><td class=\"has-text-align-center\" data-align=\"center\"><strong>21,00\u20ac<\/strong><\/td><\/tr><tr><td>Socio Sostenitore<\/td><td class=\"has-text-align-center\" data-align=\"center\">da <strong>30,00\u20ac<\/strong><\/td><\/tr><tr><td>Contributo familiare* (ogni componenti dello stesso nucleo familiare)<\/td><td class=\"has-text-align-center\" data-align=\"center\"><strong>15,00\u20ac<\/strong><\/td><\/tr><\/tbody><\/table><\/figure>\n\n\n\n<p class=\"has-small-font-size\"><strong>*Esempio per famiglie<\/strong>: <\/p>\n\n\n\n<p class=\"has-small-font-size\">Genitori con 2 figli pagano 25,00\u20ac (padre), 15,00\u20ac (madre),&nbsp;5,00\u20ac a bambino, per un totale di 50,00\u20ac (+ eventuali 6,00\u20ac per la rivista BC-Magazine).<\/p>\n\n\n\n<hr class=\"wp-block-separator has-alpha-channel-opacity\"\/>\n\n\n<div class=\"wp-block-image\">\n<figure class=\"aligncenter size-full is-resized\"><img decoding=\"async\" width=\"339\" height=\"100\" src=\"https:\/\/fiab-staa.it\/wp-content\/uploads\/2023\/08\/Fiab_Completo_339x100.png\" alt=\"\" class=\"wp-image-358\" style=\"width:241px;height:72px\" srcset=\"https:\/\/fiab-staa.it\/wp-content\/uploads\/2023\/08\/Fiab_Completo_339x100.png 339w, https:\/\/fiab-staa.it\/wp-content\/uploads\/2023\/08\/Fiab_Completo_339x100-300x88.png 300w\" sizes=\"(max-width: 339px) 100vw, 339px\" \/><\/figure>\n<\/div>\n\n\n<h3 class=\"wp-block-heading has-medium-font-size\">VANTAGGI PER I SOCI:<\/h3>\n\n\n\n<ul class=\"wp-block-list\">\n<li><strong>Copertura RC Bici<\/strong>: assicurazione per danni contro terzi inclusa nel tesseramento che copre la responsabilit\u00e0 civile per eventuali danni causati circolando in bicicletta in tutta Europa, Svizzera compresa.<br><\/li>\n\n\n\n<li><strong>Patronato legale gratuito<\/strong>: in caso di danno subito in bicicletta puoi richiedere assistenza legale e ottenere rimborsi. Per informazioni scrivi a federazione@fiabitalia.it con oggetto \u201c<a>Patronato Legale<\/a>\u201d.<br><\/li>\n\n\n\n<li><strong>Rivista BC<\/strong>: ricevi per posta la rivista cartacea trimestrale \u201cBC\u201d, consultabile anche via web su <a href=\"https:\/\/www.rivistabc.com\">rivistabc.com<\/a>.<br><img decoding=\"async\" src=\"https:\/\/fiab-staa.it\/wp-content\/uploads\/2025\/02\/BC-66-copertina-768x1074-1-215x300.jpg\" alt=\"\"><\/li>\n<\/ul>\n\n\n\n<ul class=\"wp-block-list\">\n<li><strong>Sconti in strutture ricettive<\/strong>: godi di sconti in alberghi, B&amp;B e campeggi in tutta Italia presenti su <a href=\"http:\/\/albergabici.it\"><img decoding=\"async\" src=\"https:\/\/www.albergabici.it\/templates\/yootheme\/cache\/albergabici_orizzontale_2019_72-0cc6e321.webp\" alt=\"\"><\/a><br><\/li>\n\n\n\n<li><strong>Sconti con i tour operators<\/strong>: consulta le offerte speciali organizzate dai tour operator convenzionati su <a href=\"https:\/\/fiabitalia.it\/fiab\/vantaggi-di-diventare-socio-a-fiab\/sconti-e-convenzioni-per-i-soci-fiab\">fiabitalia.it\/fiab\/vantaggi-di-diventare-socio-a-fiab\/sconti-e-convenzioni-per-i-soci-fiab<\/a><br><\/li>\n\n\n\n<li><strong>Escursioni FIAB<\/strong>: partecipa ai Biciviaggi offerti su <a href=\"https:\/\/www.biciviaggi.it\">biciviaggi.it<\/a> e pedala assieme alla comunit\u00e0 FIAB con le escursioni caricate su <a href=\"https:\/\/www.andiamoinbici.it\">andiamoinbici.it<\/a><br><\/li>\n\n\n\n<li><strong>Network<\/strong>: entra a far parte di una rete di ciclisti presenti in 180 associazioni FIAB locali. Puoi richiedere consigli e supporto per i tuoi viaggi e gite in tutta Italia. Trovi tutte le sedi su <a href=\"https:\/\/fiabitalia.it\/fiab\/sedi-locali-coordinatori-regionali\/\">fiabitalia.it\/fiab\/sedi-locali-coordinatori-regionali\/<\/a><br><\/li>\n\n\n\n<li><strong>Ulteriori convenzioni <\/strong>sui siti delle FIAB locali e su <a href=\"https:\/\/www.fiab.info\/download\/convenzioni.pdf\">fiab.info\/download\/convenzioni.pdf<\/a><\/li>\n<\/ul>\n\n\n\n<hr class=\"wp-block-separator has-alpha-channel-opacity\"\/>\n\n\n<div class=\"wp-block-image\">\n<figure class=\"aligncenter size-full is-resized\"><img decoding=\"async\" width=\"300\" height=\"141\" src=\"https:\/\/fiab-staa.it\/wp-content\/uploads\/2023\/08\/Logo_fiab-Kopie.jpg\" alt=\"\" class=\"wp-image-77\" style=\"width:177px;height:83px\"\/><\/figure>\n<\/div>\n\n\n<p class=\"has-medium-font-size\"><strong>COME DIVENTARE SOCIO O RINNOVARE LA TESSERA: <\/strong><\/p>\n\n\n\n<p>Per l\u00b4adesione a <strong>FIAB STAA<\/strong> inserisci i tuoi dati personali nel modulo seguente ed effettua il bonifico all&#8217;IBAN <strong>IT50A0808111610000306006078<\/strong> con causale: <strong>Tesseramento nome e cognome<\/strong> (vedi sotto).<\/p>\n\n\n<div class=\"wpforms-container wpforms-container-full wpforms-block wpforms-block-eae91841-73e7-464e-a352-174335c1b224 wpforms-render-modern\" id=\"wpforms-799\"><form id=\"wpforms-form-799\" class=\"wpforms-validate wpforms-form wpforms-ajax-form\" data-formid=\"799\" method=\"post\" enctype=\"multipart\/form-data\" action=\"\/it\/wp-json\/wp\/v2\/pages\/30\" data-token=\"dd692ef69a3fbcc17b66116ac12fd953\" data-token-time=\"1777691626\"><noscript class=\"wpforms-error-noscript\">Abilita JavaScript nel browser per completare questo modulo.<\/noscript><div id=\"wpforms-error-noscript\" style=\"display: none;\">Abilita JavaScript nel browser per completare questo modulo.<\/div><div class=\"wpforms-field-container\"><div id=\"wpforms-799-field_1-container\" class=\"wpforms-field wpforms-field-name\" data-field-id=\"1\"><fieldset><legend class=\"wpforms-field-label\">Nome\/Cognome <span class=\"wpforms-required-label\" aria-hidden=\"true\">*<\/span><\/legend><div class=\"wpforms-field-row wpforms-field-large\"><div class=\"wpforms-field-row-block wpforms-first wpforms-one-half\"><input type=\"text\" id=\"wpforms-799-field_1\" class=\"wpforms-field-name-first wpforms-field-required\" name=\"wpforms[fields][1][first]\" aria-errormessage=\"wpforms-799-field_1-error\" required><label for=\"wpforms-799-field_1\" class=\"wpforms-field-sublabel after\">Nome<\/label><\/div><div class=\"wpforms-field-row-block wpforms-one-half\"><input type=\"text\" id=\"wpforms-799-field_1-last\" class=\"wpforms-field-name-last wpforms-field-required\" name=\"wpforms[fields][1][last]\" aria-errormessage=\"wpforms-799-field_1-last-error\" required><label for=\"wpforms-799-field_1-last\" class=\"wpforms-field-sublabel after\">Cognome<\/label><\/div><\/div><\/fieldset><\/div><div id=\"wpforms-799-field_40-container\" class=\"wpforms-field wpforms-field-text\" data-field-id=\"40\"><label class=\"wpforms-field-label\" for=\"wpforms-799-field_40\">Citt\u00e0 <span class=\"wpforms-required-label\" aria-hidden=\"true\">*<\/span><\/label><input type=\"text\" id=\"wpforms-799-field_40\" class=\"wpforms-field-medium wpforms-field-required\" name=\"wpforms[fields][40]\" aria-errormessage=\"wpforms-799-field_40-error\" required><\/div><div id=\"wpforms-799-field_3-container\" class=\"wpforms-field wpforms-field-text\" data-field-id=\"3\"><label class=\"wpforms-field-label\" for=\"wpforms-799-field_3\">Indirizzo  <span class=\"wpforms-required-label\" aria-hidden=\"true\">*<\/span><\/label><input type=\"text\" id=\"wpforms-799-field_3\" class=\"wpforms-field-medium wpforms-field-required\" name=\"wpforms[fields][3]\" aria-errormessage=\"wpforms-799-field_3-error\" required><\/div><div id=\"wpforms-799-field_5-container\" class=\"wpforms-field wpforms-field-text\" data-field-id=\"5\"><label class=\"wpforms-field-label\" for=\"wpforms-799-field_5\">CAP localit\u00e0 <span class=\"wpforms-required-label\" aria-hidden=\"true\">*<\/span><\/label><input type=\"text\" id=\"wpforms-799-field_5\" class=\"wpforms-field-medium wpforms-field-required\" name=\"wpforms[fields][5]\" aria-errormessage=\"wpforms-799-field_5-error\" required><\/div><div id=\"wpforms-799-field_20-container\" class=\"wpforms-field wpforms-field-text\" data-field-id=\"20\"><label class=\"wpforms-field-label\" for=\"wpforms-799-field_20\">Codice fiscale  <span class=\"wpforms-required-label\" aria-hidden=\"true\">*<\/span><\/label><input type=\"text\" id=\"wpforms-799-field_20\" class=\"wpforms-field-medium wpforms-field-required\" name=\"wpforms[fields][20]\" aria-errormessage=\"wpforms-799-field_20-error\" required><\/div><div id=\"wpforms-799-field_22-container\" class=\"wpforms-field wpforms-field-text\" data-field-id=\"22\"><label class=\"wpforms-field-label\" for=\"wpforms-799-field_22\">Data di nascita  <span class=\"wpforms-required-label\" aria-hidden=\"true\">*<\/span><\/label><input type=\"text\" id=\"wpforms-799-field_22\" class=\"wpforms-field-medium wpforms-field-required\" name=\"wpforms[fields][22]\" aria-errormessage=\"wpforms-799-field_22-error\" required><\/div><div id=\"wpforms-799-field_46-container\" class=\"wpforms-field wpforms-field-email\" data-field-id=\"46\"><label class=\"wpforms-field-label\" for=\"wpforms-799-field_46\">E-mail <span class=\"wpforms-required-label\" aria-hidden=\"true\">*<\/span><\/label><input type=\"email\" id=\"wpforms-799-field_46\" class=\"wpforms-field-medium wpforms-field-required\" name=\"wpforms[fields][46]\" spellcheck=\"false\" aria-errormessage=\"wpforms-799-field_46-error\" required><\/div><div id=\"wpforms-799-field_21-container\" class=\"wpforms-field wpforms-field-text\" data-field-id=\"21\"><label class=\"wpforms-field-label\" for=\"wpforms-799-field_21\">Cellulare <span class=\"wpforms-required-label\" aria-hidden=\"true\">*<\/span><\/label><input type=\"text\" id=\"wpforms-799-field_21\" class=\"wpforms-field-medium wpforms-field-required\" name=\"wpforms[fields][21]\" aria-errormessage=\"wpforms-799-field_21-error\" required><\/div><div id=\"wpforms-799-field_34-container\" class=\"wpforms-field wpforms-field-radio\" data-field-id=\"34\"><fieldset><legend class=\"wpforms-field-label\">Tesseramento <span class=\"wpforms-required-label\" aria-hidden=\"true\">*<\/span><\/legend><ul id=\"wpforms-799-field_34\" class=\"wpforms-field-required\"><li class=\"choice-1 depth-1\"><input type=\"radio\" id=\"wpforms-799-field_34_1\" name=\"wpforms[fields][34]\" value=\"Prima adesione\" aria-errormessage=\"wpforms-799-field_34_1-error\" required ><label class=\"wpforms-field-label-inline\" for=\"wpforms-799-field_34_1\">Prima adesione<\/label><\/li><li class=\"choice-2 depth-1\"><input type=\"radio\" id=\"wpforms-799-field_34_2\" name=\"wpforms[fields][34]\" value=\"Rinnovo adesione\" aria-errormessage=\"wpforms-799-field_34_2-error\" required ><label class=\"wpforms-field-label-inline\" for=\"wpforms-799-field_34_2\">Rinnovo adesione<\/label><\/li><\/ul><\/fieldset><\/div><div id=\"wpforms-799-field_35-container\" class=\"wpforms-field wpforms-field-radio\" data-field-id=\"35\"><fieldset><legend class=\"wpforms-field-label\">Quota associativa <span class=\"wpforms-required-label\" aria-hidden=\"true\">*<\/span><\/legend><ul id=\"wpforms-799-field_35\" class=\"wpforms-field-required\"><li class=\"choice-1 depth-1\"><input type=\"radio\" id=\"wpforms-799-field_35_1\" name=\"wpforms[fields][35]\" value=\"25\u20ac: Contributo normale (senza BC-Magazine)\" aria-errormessage=\"wpforms-799-field_35_1-error\" aria-describedby=\"wpforms-799-field_35-description\" required ><label class=\"wpforms-field-label-inline\" for=\"wpforms-799-field_35_1\">25\u20ac: Contributo normale (senza BC-Magazine)<\/label><\/li><li class=\"choice-2 depth-1\"><input type=\"radio\" id=\"wpforms-799-field_35_2\" name=\"wpforms[fields][35]\" value=\"31\u20ac: Contributo normale (con BC-Magazine)\" aria-errormessage=\"wpforms-799-field_35_2-error\" aria-describedby=\"wpforms-799-field_35-description\" required ><label class=\"wpforms-field-label-inline\" for=\"wpforms-799-field_35_2\">31\u20ac: Contributo normale (con BC-Magazine)<\/label><\/li><li class=\"choice-3 depth-1\"><input type=\"radio\" id=\"wpforms-799-field_35_3\" name=\"wpforms[fields][35]\" value=\"5\u20ac: Contributo Junior (minori di 14 anni)\" aria-errormessage=\"wpforms-799-field_35_3-error\" aria-describedby=\"wpforms-799-field_35-description\" required ><label class=\"wpforms-field-label-inline\" for=\"wpforms-799-field_35_3\">5\u20ac: Contributo Junior (minori di 14 anni)<\/label><\/li><li class=\"choice-4 depth-1\"><input type=\"radio\" id=\"wpforms-799-field_35_4\" name=\"wpforms[fields][35]\" value=\"15\u20ac: Studenti e laureandi (senza BC-Magazine)\" aria-errormessage=\"wpforms-799-field_35_4-error\" aria-describedby=\"wpforms-799-field_35-description\" required ><label class=\"wpforms-field-label-inline\" for=\"wpforms-799-field_35_4\">15\u20ac: Studenti e laureandi (senza BC-Magazine)<\/label><\/li><li class=\"choice-5 depth-1\"><input type=\"radio\" id=\"wpforms-799-field_35_5\" name=\"wpforms[fields][35]\" value=\"21\u20ac: Studenti e laureandi (con BC-Magazine)\" aria-errormessage=\"wpforms-799-field_35_5-error\" aria-describedby=\"wpforms-799-field_35-description\" required ><label class=\"wpforms-field-label-inline\" for=\"wpforms-799-field_35_5\">21\u20ac: Studenti e laureandi (con BC-Magazine)<\/label><\/li><li class=\"choice-7 depth-1\"><input type=\"radio\" id=\"wpforms-799-field_35_7\" name=\"wpforms[fields][35]\" value=\"15\u20ac: Contributo familiare* (componenti dello stesso nucleo familiare)\" aria-errormessage=\"wpforms-799-field_35_7-error\" aria-describedby=\"wpforms-799-field_35-description\" required ><label class=\"wpforms-field-label-inline\" for=\"wpforms-799-field_35_7\">15\u20ac: Contributo familiare* (componenti dello stesso nucleo familiare)<\/label><\/li><li class=\"choice-6 depth-1\"><input type=\"radio\" id=\"wpforms-799-field_35_6\" name=\"wpforms[fields][35]\" value=\"a partire da 30\u20ac: Socio Sostenitore (con BC-Magazine)\" aria-errormessage=\"wpforms-799-field_35_6-error\" aria-describedby=\"wpforms-799-field_35-description\" required ><label class=\"wpforms-field-label-inline\" for=\"wpforms-799-field_35_6\">a partire da 30\u20ac: Socio Sostenitore (con BC-Magazine)<\/label><\/li><\/ul><div id=\"wpforms-799-field_35-description\" class=\"wpforms-field-description\">*Esempio per famiglie:\nGenitori con 2 figli pagano 25,00\u20ac (padre), 15,00\u20ac (madre), 5,00\u20ac a bambino, per un totale di 50,00\u20ac (+ eventuali 6,00\u20ac per la rivista BC-Magazine).<\/div><\/fieldset><\/div><div id=\"wpforms-799-field_42-container\" class=\"wpforms-field wpforms-field-text\" data-field-id=\"42\"><label class=\"wpforms-field-label\" for=\"wpforms-799-field_42\">Indicare nominativo capofamiglia<\/label><input type=\"text\" id=\"wpforms-799-field_42\" class=\"wpforms-field-medium\" name=\"wpforms[fields][42]\" aria-errormessage=\"wpforms-799-field_42-error\" aria-describedby=\"wpforms-799-field_42-description\" ><div id=\"wpforms-799-field_42-description\" class=\"wpforms-field-description\">Per la Quota Junior e la Quota familiare indicare il nominativo del capofamiglia  per usufruire della tariffa ridotta per i familiari<\/div><\/div><div id=\"wpforms-799-field_41-container\" class=\"wpforms-field wpforms-field-radio\" data-field-id=\"41\"><fieldset><legend class=\"wpforms-field-label\">Campi d&#039;interesse<\/legend><ul id=\"wpforms-799-field_41\"><li class=\"choice-1 depth-1\"><input type=\"radio\" id=\"wpforms-799-field_41_1\" name=\"wpforms[fields][41]\" value=\"Mobilit\u00e0 ciclistica\" aria-errormessage=\"wpforms-799-field_41_1-error\"  ><label class=\"wpforms-field-label-inline\" for=\"wpforms-799-field_41_1\">Mobilit\u00e0 ciclistica<\/label><\/li><li class=\"choice-2 depth-1\"><input type=\"radio\" id=\"wpforms-799-field_41_2\" name=\"wpforms[fields][41]\" value=\"Ciclo escursionismo\" aria-errormessage=\"wpforms-799-field_41_2-error\"  ><label class=\"wpforms-field-label-inline\" for=\"wpforms-799-field_41_2\">Ciclo escursionismo<\/label><\/li><\/ul><\/fieldset><\/div><div id=\"wpforms-799-field_47-container\" class=\"wpforms-field wpforms-field-checkbox\" data-field-id=\"47\"><fieldset><legend class=\"wpforms-field-label\">Vuoi essere inserito nel gruppo Whatsapp degli associati FIAB STAA?<\/legend><ul id=\"wpforms-799-field_47\"><li class=\"choice-1 depth-1\"><input type=\"checkbox\" id=\"wpforms-799-field_47_1\" name=\"wpforms[fields][47][]\" value=\"S\u00ec!\" aria-errormessage=\"wpforms-799-field_47_1-error\" aria-describedby=\"wpforms-799-field_47-description\"  ><label class=\"wpforms-field-label-inline\" for=\"wpforms-799-field_47_1\">S\u00ec!<\/label><\/li><\/ul><div id=\"wpforms-799-field_47-description\" class=\"wpforms-field-description\">Qui verranno mandate informazioni riguardo alle gite organizzate e alle pedalate spontanee proposte dai membri.<\/div><\/fieldset><\/div><div id=\"wpforms-799-field_39-container\" class=\"wpforms-field wpforms-field-checkbox\" data-field-id=\"39\"><fieldset><legend class=\"wpforms-field-label\">Privacy <span class=\"wpforms-required-label\" aria-hidden=\"true\">*<\/span><\/legend><ul id=\"wpforms-799-field_39\" class=\"wpforms-field-required\"><li class=\"choice-2 depth-1\"><input type=\"checkbox\" id=\"wpforms-799-field_39_2\" name=\"wpforms[fields][39][]\" value=\"Spuntando questa casella, confermo di accettare l&#039;invio delle e-mail in conformit\u00e0 con il GDPR.\" aria-errormessage=\"wpforms-799-field_39_2-error\" required ><label class=\"wpforms-field-label-inline\" for=\"wpforms-799-field_39_2\">Spuntando questa casella, confermo di accettare l&#8217;invio delle e-mail in conformit\u00e0 con il GDPR.<\/label><\/li><\/ul><\/fieldset><\/div><\/div><!-- .wpforms-field-container --><div class=\"wpforms-submit-container\" ><input type=\"hidden\" name=\"wpforms[id]\" value=\"799\"><input type=\"hidden\" name=\"page_title\" value=\"\"><input type=\"hidden\" name=\"page_url\" value=\"https:\/\/fiab-staa.it\/it\/wp-json\/wp\/v2\/pages\/30\"><input type=\"hidden\" name=\"url_referer\" value=\"\"><button type=\"submit\" name=\"wpforms[submit]\" id=\"wpforms-submit-799\" class=\"wpforms-submit\" data-alt-text=\"Invio in corso...\" data-submit-text=\"Invia\" aria-live=\"assertive\" value=\"wpforms-submit\">Invia<\/button><img loading=\"lazy\" decoding=\"async\" src=\"https:\/\/fiab-staa.it\/wp-content\/plugins\/wpforms-lite\/assets\/images\/submit-spin.svg\" class=\"wpforms-submit-spinner\" style=\"display: none;\" width=\"26\" height=\"26\" alt=\"Caricamento\"><\/div><\/form><\/div>  <!-- .wpforms-container -->\n\n\n<h3 class=\"wp-block-heading\"><strong>Pagamento della quota associativa tramite bonifico bancario <\/strong><\/h3>\n\n\n\n<p class=\"has-medium-font-size\">a FIAB \u2013 S\u00fcdtirol Alto Adige<br>c\/o CASSA RURALE BOLZANO<br><strong>IBAN: IT50A0808111610000306006078<\/strong><br>Causale: Tesseramento nome e cognome<\/p>\n\n\n\n<p class=\"has-small-font-size\">Dopo aver effettuato il versamento della quota (vedi sopra) vi sar\u00e0 inviata la tessera per mail.<\/p>\n\n\n\n<p><\/p>\n","protected":false},"excerpt":{"rendered":"<p>FIAB : dalla parte di chi #pedalaognigiorno Diventa socio ed aiuta a rafforzare i tuoi diritti come cittadino e come ciclista! Entrando a far parte di un\u2019organizzazione che promuove l\u2019uso della bicicletta e l\u2019ambiente a livello locale e nazionale, contribuirai attivamente a campagne di sensibilizzazione e advocacy, riuscendo a fare&hellip;<\/p>\n<p> <a class=\"more-link\" href=\"https:\/\/fiab-staa.it\/it\/tesseramento\/\">Leggi tutto<\/a><\/p>\n","protected":false},"author":3,"featured_media":0,"parent":0,"menu_order":0,"comment_status":"closed","ping_status":"closed","template":"","meta":{"footnotes":""},"class_list":["post-30","page","type-page","status-publish"],"_links":{"self":[{"href":"https:\/\/fiab-staa.it\/it\/wp-json\/wp\/v2\/pages\/30","targetHints":{"allow":["GET"]}}],"collection":[{"href":"https:\/\/fiab-staa.it\/it\/wp-json\/wp\/v2\/pages"}],"about":[{"href":"https:\/\/fiab-staa.it\/it\/wp-json\/wp\/v2\/types\/page"}],"author":[{"embeddable":true,"href":"https:\/\/fiab-staa.it\/it\/wp-json\/wp\/v2\/users\/3"}],"replies":[{"embeddable":true,"href":"https:\/\/fiab-staa.it\/it\/wp-json\/wp\/v2\/comments?post=30"}],"version-history":[{"count":23,"href":"https:\/\/fiab-staa.it\/it\/wp-json\/wp\/v2\/pages\/30\/revisions"}],"predecessor-version":[{"id":1283,"href":"https:\/\/fiab-staa.it\/it\/wp-json\/wp\/v2\/pages\/30\/revisions\/1283"}],"wp:attachment":[{"href":"https:\/\/fiab-staa.it\/it\/wp-json\/wp\/v2\/media?parent=30"}],"curies":[{"name":"wp","href":"https:\/\/api.w.org\/{rel}","templated":true}]}}