{"id":655,"date":"2023-08-26T14:18:39","date_gmt":"2023-08-26T12:18:39","guid":{"rendered":"https:\/\/fiab-staa.it\/?page_id=655"},"modified":"2023-09-23T16:14:13","modified_gmt":"2023-09-23T14:14:13","slug":"attivita","status":"publish","type":"page","link":"https:\/\/fiab-staa.it\/it\/attivita\/","title":{"rendered":"ATTIVIT\u00c1"},"content":{"rendered":"\n<h2 class=\"wp-block-heading has-medium-font-size\">VELOFLORA 2023<\/h2>\n\n\n\n<div class=\"wp-block-columns is-layout-flex wp-container-core-columns-is-layout-9d6595d7 wp-block-columns-is-layout-flex\">\n<div class=\"wp-block-column is-layout-flow wp-block-column-is-layout-flow\" style=\"flex-basis:33.33%\">\n<figure class=\"wp-block-image size-large is-resized\"><img decoding=\"async\" src=\"https:\/\/fiab-staa.it\/wp-content\/uploads\/2023\/08\/foto-Ravanelli-81-1024x751.jpg\" alt=\"\" class=\"wp-image-117\" style=\"width:240px;height:177px\" width=\"240\" height=\"177\"\/><\/figure>\n<\/div>\n\n\n\n<div class=\"wp-block-column is-layout-flow wp-block-column-is-layout-flow\" style=\"flex-basis:70%\">\n<p class=\"has-small-font-size\">Anche quest&#8217;anno, nella giornata del 1\u00b0 maggio, avr\u00e0 luogo il meraviglioso <strong>Mercato dei Fiori <\/strong>nella centrale Piazza Walther a Bolzano, che con la sua architettura poliedrica \u00e8 il posto giusto per un evento cos\u00ec bello e colorato. Non solo vi troverete piante e fiori di tutti i tipi, ma anche una nuova edizione di <strong>VELOFLORA:<\/strong> il <a rel=\"noreferrer noopener\" href=\"https:\/\/it.fiab-staa.it\/_files\/ugd\/4f6adc_897b318ff5604f38837ff78cdd869e49.pdf\" target=\"_blank\">PROGRAMMA<\/a> prevede tra il 29 Aprile e il 1\u00b0 Maggio 2023 diversi eventi come la VELOFLORA TOUR, l\u00b4Expo e la Vintage Classic Cycling sotto forma di un nostalgico giro in bicicletta attraverso il centro e i dintorni di Bolzano, sempre con biciclette d&#8217;epoca decorate a fiori e relativi abiti. Guardate le belle<strong> foto<\/strong> &gt;<strong><a href=\"\/de\/?p=1\"> QUI <\/a><\/strong><\/p>\n<\/div>\n<\/div>\n\n\n\n<p class=\"has-medium-font-size\"><strong>1\u00b0 incontro di network di mobilit\u00e0 ciclistica dell&#8217;Alto Adige<\/strong> <\/p>\n\n\n\n<div class=\"wp-block-columns is-layout-flex wp-container-core-columns-is-layout-9d6595d7 wp-block-columns-is-layout-flex\">\n<div class=\"wp-block-column is-layout-flow wp-block-column-is-layout-flow\" style=\"flex-basis:33.33%\">\n<figure class=\"wp-block-image size-large is-resized\"><img decoding=\"async\" src=\"https:\/\/fiab-staa.it\/wp-content\/uploads\/2023\/08\/IMG-20230413-WA0001-1024x768.jpg\" alt=\"\" class=\"wp-image-236\" style=\"width:243px;height:183px\" width=\"243\" height=\"183\"\/><\/figure>\n<\/div>\n\n\n\n<div class=\"wp-block-column is-layout-flow wp-block-column-is-layout-flow\" style=\"flex-basis:70%\">\n<p class=\"has-small-font-size\">Anche la FIAB-STAA era presente al <strong>1\u00b0 Incontro di Network di Mobilit\u00e0 Ciclistica dell&#8217;Alto Adige<\/strong> che si \u00e8 tenuto il 13 aprile 2023 presso l\u00b4EURAC di Bolzano. Un contesto ideale per mettersi in contatto e favorire la mobilit\u00e0 ciclistica nel proprio Comune o nella propria associazione. L&#8217;assessore provinciale Daniel Alfreider ha aperto l&#8217;evento e Alexander Alber, direttore del nuovo Ufficio provinciale per le infrastrutture e la mobilit\u00e0 sostenibile, ha fornito una panoramica sul tema delle agevolazioni e dell&#8217;organizzazione della mobilit\u00e0 ciclistica. Presidente Fabio Martorano ha presentato al pubblico la FIAB e il concorso &#8220;ComuniCiclabili&#8221; cn le certificazioni riconfermate alle citt\u00e0 di Bolzano e Merano. Olivia Kieser, infine, ha presentato il <strong>Piano della mobilit\u00e0 ciclistica 2023-2030 dell&#8217;Alto Adige<\/strong> (<a rel=\"noreferrer noopener\" href=\"https:\/\/l.facebook.com\/l.php?u=https%3A%2F%2Fwww.greenmobility.bz.it%2Ffileadmin%2Fuser_upload%2FProjekte%2FRadmobilitaet%2FPiano_prov._della_mobilita_ciclistica_IT_web-compressed_attualizzato_compressed.pdf%3Ffbclid%3DIwAR3d0RZrd6B4c9Kx9IVE5Vby92ZJdg-eKXAdng72e1F5V-TOTKxbHYF8yqY&amp;h=AT0UQvPpP1I2hjb7IzC0fLSJuN69_W_DqGnTgpwHoiVRnsUMdpWplY7PagFQDVzQYy6dCeDgCy_y-b4wU2LcL6JA27lR8LZpAhPoNcVw8RR9uAj3YspCl9OPZEWDBLNxo_LJ9ctbcA&amp;__tn__=-UK-R&amp;c[0]=AT3wBRquP3TTNdGNfrHVdUrbl8cwtkTQ9zU7j-X1zE-CxndVzQNUnVLfKx0mIDz_an1KewmDWh0UVcQ_AnynwhUhjM9FinmMi-DDsfz9Tz2sRoSS4TOSl-wL8ZMetR-v7WzQbsYiCBWZsz2-baij-blJffYbMJMxRW5QQeu3wPsq5nyfu9j7nF2zXioVfc7AgOXnM-BDZsgS5TdW27yQxCVT0pZ4U1iGdjd9gqmHlsH3Bx49qY365onBTdi0mB08Oda5Yvma2y8O5_mcamHlu9M\" target=\"_blank\">https:\/\/www.greenmobility.bz.it\/&#8230;\/Piano_prov._della&#8230;<\/a>)  <a rel=\"noreferrer noopener\" href=\"https:\/\/www.greenmobility.bz.it\/fileadmin\/user_upload\/Projekte\/Radmobilitaet\/Piano_prov._della_mobilita_ciclistica_IT_web-compressed_attualizzato_compressed.pdf?fbclid=IwAR3d0RZrd6B4c9Kx9IVE5Vby92ZJdg-eKXAdng72e1F5V-TOTKxbHYF8yqY\" target=\"_blank\">(https:\/\/www.greenmobility.bz.it<\/a><\/p>\n<\/div>\n<\/div>\n\n\n\n<h2 class=\"wp-block-heading has-medium-font-size\">La <strong>KLIMAHOUSE 2023 con FIAB S\u00fcdtirol Alto Adige<\/strong><\/h2>\n\n\n\n<div class=\"wp-block-columns is-layout-flex wp-container-core-columns-is-layout-9d6595d7 wp-block-columns-is-layout-flex\">\n<div class=\"wp-block-column is-layout-flow wp-block-column-is-layout-flow\" style=\"flex-basis:33.33%\">\n<figure class=\"wp-block-image size-large is-resized\"><img decoding=\"async\" src=\"https:\/\/fiab-staa.it\/wp-content\/uploads\/2023\/08\/FOTO-FIAB_RAVANELLI-1024x768.jpg\" alt=\"\" class=\"wp-image-244\" style=\"aspect-ratio:4\/3;object-fit:cover;width:247px\" width=\"247\" srcset=\"https:\/\/fiab-staa.it\/wp-content\/uploads\/2023\/08\/FOTO-FIAB_RAVANELLI-1024x768.jpg 1024w, https:\/\/fiab-staa.it\/wp-content\/uploads\/2023\/08\/FOTO-FIAB_RAVANELLI-300x225.jpg 300w, https:\/\/fiab-staa.it\/wp-content\/uploads\/2023\/08\/FOTO-FIAB_RAVANELLI-768x576.jpg 768w, https:\/\/fiab-staa.it\/wp-content\/uploads\/2023\/08\/FOTO-FIAB_RAVANELLI.jpg 1200w\" sizes=\"(max-width: 1024px) 100vw, 1024px\" \/><\/figure>\n<\/div>\n\n\n\n<div class=\"wp-block-column is-layout-flow wp-block-column-is-layout-flow\" style=\"flex-basis:70%\">\n<p class=\"has-small-font-size\">Partecipate tutti al grande progetto che si terr\u00e0 alla <strong>Fiera Klimahouse<\/strong> di Bolzano: <strong>Sabato 11.03.2023<\/strong> presso la cupola di &#8220;Isola Ursa&#8221; la Fiab Staa parteciper\u00e0 a un importante appuntamento. FIAB Staa accompagner\u00e0 ingegneri e giornalisti (in diretta streaming con la Fiera) e soci e sportivi. Venite e pedalate con noi sulla ciclabile attraverso la citta\u00e8 e i dintorni di Bolzano (ca.18km);&nbsp;ma prima del tour in bicicletta, nella piazza della Fiera, ci sar\u00e0 un convegno sull&#8217;<strong>ABiCi della Sostenibilit\u00e0 e Mobilit\u00e0<\/strong> a basso impatto ambientale&#8221; con le celebrit\u00e0 come l&#8217;ex Ministro alla Mobilit\u00e0 Giovannini e il campione di Ciclismo Francesco Moser; dopo il tour, seguir\u00e0 un aperitivo. Trovate qui il <strong><a rel=\"noreferrer noopener\" href=\"https:\/\/www.fiab-staa.it\/_files\/ugd\/4f6adc_5015a7d16b674cc79650e4e32689af87.pdf\" target=\"_blank\">PROGRAMMA <\/a><\/strong>e le <strong><a rel=\"noreferrer noopener\" href=\"https:\/\/www.fiab-staa.it\/_files\/ugd\/4f6adc_a7e4f9e081c54229be4ef9b9009364bd.pdf\" target=\"_blank\">NEWS<\/a><\/strong>.<\/p>\n<\/div>\n<\/div>\n\n\n\n<h2 class=\"wp-block-heading has-medium-font-size\"><strong><strong>Bolzanoinbici&#8230; in programma il 9 Ottobr<\/strong><\/strong>e<\/h2>\n\n\n\n<div class=\"wp-block-columns is-layout-flex wp-container-core-columns-is-layout-9d6595d7 wp-block-columns-is-layout-flex\">\n<div class=\"wp-block-column is-layout-flow wp-block-column-is-layout-flow\" style=\"flex-basis:33.33%\">\n<figure class=\"wp-block-image size-full is-resized\"><img decoding=\"async\" src=\"https:\/\/fiab-staa.it\/wp-content\/uploads\/2023\/08\/310741687_2352181021597451_3334522672625887601_n-Kopie.jpg\" alt=\"\" class=\"wp-image-251\" style=\"width:176px;height:251px\" width=\"176\" height=\"251\" srcset=\"https:\/\/fiab-staa.it\/wp-content\/uploads\/2023\/08\/310741687_2352181021597451_3334522672625887601_n-Kopie.jpg 448w, https:\/\/fiab-staa.it\/wp-content\/uploads\/2023\/08\/310741687_2352181021597451_3334522672625887601_n-Kopie-210x300.jpg 210w\" sizes=\"(max-width: 176px) 100vw, 176px\" \/><\/figure>\n<\/div>\n\n\n\n<div class=\"wp-block-column is-layout-flow wp-block-column-is-layout-flow\" style=\"flex-basis:80%\">\n<p class=\"has-small-font-size\"><strong>&#8220;Bolzanoinbici&#8221;<\/strong>, edizione 2022, si terr\u00e0 il 9 ottobre. \u00c8 uno degli eventi sportivi pi\u00f9 popolari per le strade e le piazze di Bolzano con oltre 5.000 ciclisti di tutte le et\u00e0 ogni anno. Avvicina tutti i cittadini ai vari punti di attrazione nei diversi quartieri della citt\u00e0 ed \u00e8 una giornata senza auto su due ruote. La migliore occasione per&nbsp; scoprire una Bolzano diversa, meno trafficata, pi\u00f9 attraente e accogliente. Il giorno prima Sabato 8, \u00e8 in programma la <strong>Light Bike Parade<\/strong>, grande sfilata notturna organizzata da Green Mobility e InSide Events &amp; Culture. Ritrovo in Piazza Mazzini. Sar\u00e0 una passeggiata piena di luci accese sulle biciclette. Quest&#8217;anno <strong>FIAB STAA<\/strong> sar\u00e0 presente con uno stand presso il termovalorizzatore di Alperia in Via Lungo Isarco Destro, 25. Qui la nostra socia Elisa Berger esporr\u00e0 delle bici inclusive di Remoove per ricordare l&#8217;importanza dell&#8217;inclusione nella mobilit\u00e0 e nel tempo libero. Inoltre in questo luogo sar\u00e0 fornito un timbro speciale che dar\u00e0 diritto ai partecipanti alla caccia al tesoro di ottenere 2 biglietti in pi\u00f9 per l\u2019estrazione finale delle bicicletteche si terr\u00e0 nel pomeriggio sui Prati del Talvera (ore 16,00). Per il dettaglio del programma: &gt; clicca<a rel=\"noreferrer noopener\" href=\"https:\/\/opencity.gemeinde.bozen.it\/News\/Pressemitteilungen\/Der-Bozner-Radtag-2022-heuer-am-Sonntag-den-9.-Oktober#\" target=\"_blank\"><strong> QUI.<\/strong><\/a><\/p>\n\n\n\n<p>\u200b<\/p>\n<\/div>\n<\/div>\n\n\n\n<h2 class=\"wp-block-heading has-medium-font-size\"><strong>#L\u00b4Alto Adige pedala: il 4 luglio si riparte, pedalate con noi!<\/strong><\/h2>\n\n\n\n<div class=\"wp-block-columns is-layout-flex wp-container-core-columns-is-layout-9d6595d7 wp-block-columns-is-layout-flex\">\n<div class=\"wp-block-column is-layout-flow wp-block-column-is-layout-flow\" style=\"flex-basis:33.33%\">\n<figure class=\"wp-block-image size-full is-resized\"><img loading=\"lazy\" decoding=\"async\" src=\"https:\/\/fiab-staa.it\/wp-content\/uploads\/2023\/08\/suedtirol_radcelt-.png\" alt=\"\" class=\"wp-image-256\" style=\"width:232px;height:150px\" width=\"232\" height=\"150\" srcset=\"https:\/\/fiab-staa.it\/wp-content\/uploads\/2023\/08\/suedtirol_radcelt-.png 914w, https:\/\/fiab-staa.it\/wp-content\/uploads\/2023\/08\/suedtirol_radcelt--300x194.png 300w, https:\/\/fiab-staa.it\/wp-content\/uploads\/2023\/08\/suedtirol_radcelt--768x496.png 768w\" sizes=\"(max-width: 232px) 100vw, 232px\" \/><\/figure>\n<\/div>\n\n\n\n<div class=\"wp-block-column is-layout-flow wp-block-column-is-layout-flow\" style=\"flex-basis:80%\">\n<p class=\"has-small-font-size\">La campagna &#8220;L\u00b4Alto Adige pedala&#8221; durer\u00e0 tutta l\u00b4estate e terminer\u00e0 il 4 settembre. Sicuramente tutti voi usate la bicicletta durante l\u00b4anno e soprattutto d\u00b4estate! L\u00b4azione si rivolge a ciclisti, giovani e meno giovani, con biciclette classiche o e-bike. Andare in bicicletta \u00e8 divertente soprattutto in estate, perch\u00e8 non abbinarla ad una visita o ad un&#8217;attrazione turistica o una nuotata rinfrescante in uno dei laghi balneabili dell&#8217;Alto Adige. Per partecipare basta scaricare l&#8217;<strong>app &#8220;L\u00b4Alto Adige pedala<\/strong>&#8221; sul cellulare e inserire i KM percorsi in bicicletta in qualsiasi momento: da fare online su <a rel=\"noreferrer noopener\" href=\"https:\/\/www.altoadigepedala.bz.it\/\" target=\"_blank\"><strong>www.altoadigepedala.bz.it <\/strong><\/a>o tramite l&#8217;app.&nbsp; Nella nuova &#8220;Caccia al Tesoro&#8221; in bicicletta si possono &#8220;collezionare&#8221; 102 luoghi diversi sparsi in tutto il Paese. Quindi registratevi e pedalate duramente, infine, inserite i km fatti come associazione<strong> FIAB-STAA<\/strong>. In palio ci sono fantastici premi! Condizioni di partecipazione <a rel=\"noreferrer noopener\" href=\"https:\/\/www.altoadigepedala.bz.it\/it\/agb\" target=\"_blank\"><strong>QUI.<\/strong><\/a><\/p>\n<\/div>\n<\/div>\n\n\n\n<h2 class=\"wp-block-heading has-medium-font-size\">COMUNICICLABILI: <strong>con ottimi riconoscimenti per i Comuni altoatesini<\/strong> <\/h2>\n\n\n\n<div class=\"wp-block-columns is-layout-flex wp-container-core-columns-is-layout-9d6595d7 wp-block-columns-is-layout-flex\">\n<div class=\"wp-block-column is-layout-flow wp-block-column-is-layout-flow\" style=\"flex-basis:33%\">\n<figure class=\"wp-block-image size-large is-resized\"><img loading=\"lazy\" decoding=\"async\" src=\"https:\/\/fiab-staa.it\/wp-content\/uploads\/2023\/08\/Foto-FIAB-STAA-Merano-Comune-Ciclabile-2022-1024x718.jpg\" alt=\"\" class=\"wp-image-371\" style=\"object-fit:cover;width:228px;height:171px\" width=\"228\" height=\"171\"\/><\/figure>\n<\/div>\n\n\n\n<div class=\"wp-block-column is-layout-flow wp-block-column-is-layout-flow\" style=\"flex-basis:80%\">\n<p class=\"has-small-font-size\"><strong>ComuniCiclabili <\/strong>\u00e8 il riconoscimento che valuta e attesta il grado di ciclabilit\u00e0 dei comuni italiani, accompagnandoli in un percorso virtuoso verso politiche bike friendly. L\u2019iniziativa ha coinvolto fino ad oggi 140 comuni italiani e ha ottenuto per il 2022 il patrocino del Ministero delle Infrastrutture e dei Trasporti e del Ministero dell\u2019Ambiente. Il riconoscimento attribuisce alle localit\u00e0 un punteggio da 1 a 5 assegnato sulla base di diversi parametri e rappresentato da altrettanti \u201cbike-smile\u201d sulla bandiera. Per accedere al riconoscimento il comune deve possedere almeno un requisito in 3 delle 4 aree di valutazione:<\/p>\n<\/div>\n<\/div>\n\n\n\n<p class=\"has-small-font-size\">uno nell\u2019area \u201cmobilit\u00e0 urbana\u201d (ciclabili urbane \/infrastrutture e moderazione traffico e velocit\u00e0), uno nell\u2019area \u201cgovernance\u201d (politiche di mobilit\u00e0 urbana e servizi), uno nell\u2019area \u201ccomunicazione &amp; promozione\u201d, mentre non \u00e8 obbligatorio per la valutazione d\u2019accesso il requisito nell\u2019area \u201ccicloturismo\u201d. Gli ulteriori parametri presenti nel territorio e\/o nelle attivit\u00e0 dell\u2019amministrazione in relazione ai 4 ambiti di valutazione, contribuiscono alla definizione del punteggio. Tra gli altri 46 comuni gi\u00e0 in rete, spiccano ben 13 capoluoghi tra cui anche BOLZANO e MERANO. Per la 5\u00b0 volta consecutiva la FIAB ha insignito il Comune di Bolzano con il massimo riconoscimento di 5 bike smile  e 4 volte gi\u00e0 per la citt\u00e0 di Merano. I Comuni che desiderano aderire all\u00b4iniziativa, possono farlo tramite il sito web&nbsp;<strong><a href=\"http:\/\/www.comuniciclabili.it\">www.comuniciclabili.it<\/a><\/strong><\/p>\n\n\n\n<div class=\"wp-block-columns is-layout-flex wp-container-core-columns-is-layout-9d6595d7 wp-block-columns-is-layout-flex\">\n<div class=\"wp-block-column is-layout-flow wp-block-column-is-layout-flow\" style=\"flex-basis:100%\">\n<p class=\"has-medium-font-size\"><strong>BIMBIMBICI: <strong>riuscita pedalata con FIAB-STAA e il Comune<\/strong><\/strong> <strong>di Merano<\/strong><\/p>\n\n\n\n<div class=\"wp-block-columns is-layout-flex wp-container-core-columns-is-layout-9d6595d7 wp-block-columns-is-layout-flex\">\n<div class=\"wp-block-column is-layout-flow wp-block-column-is-layout-flow\" style=\"flex-basis:33%\">\n<figure class=\"wp-block-image size-large is-resized\"><img loading=\"lazy\" decoding=\"async\" src=\"https:\/\/fiab-staa.it\/wp-content\/uploads\/2023\/08\/foto13_FIAB-STAA_Ravanelli-edited-1024x768.jpg\" alt=\"\" class=\"wp-image-263\" style=\"width:227px;height:170px\" width=\"227\" height=\"170\" srcset=\"https:\/\/fiab-staa.it\/wp-content\/uploads\/2023\/08\/foto13_FIAB-STAA_Ravanelli-edited-1024x768.jpg 1024w, https:\/\/fiab-staa.it\/wp-content\/uploads\/2023\/08\/foto13_FIAB-STAA_Ravanelli-edited-300x225.jpg 300w, https:\/\/fiab-staa.it\/wp-content\/uploads\/2023\/08\/foto13_FIAB-STAA_Ravanelli-edited-768x576.jpg 768w, https:\/\/fiab-staa.it\/wp-content\/uploads\/2023\/08\/foto13_FIAB-STAA_Ravanelli-edited.jpg 1536w\" sizes=\"(max-width: 227px) 100vw, 227px\" \/><\/figure>\n<\/div>\n\n\n\n<div class=\"wp-block-column is-layout-flow wp-block-column-is-layout-flow\" style=\"flex-basis:80%\">\n<p class=\"has-small-font-size\">La sicurezza in bici si impara da piccoli! La sezione altoatesina della <strong>FIAB STAA<\/strong> e il <strong>Comune di Merano <\/strong>hanno invitato a \u201cBimbimbici\u201d e tanti sono arrivati! Nel programma di&nbsp;<strong>domenica 22 Maggio<\/strong> 2022 c\u00b4era un percorso ciclistico ideale per bambini\/e con partenza<strong> <\/strong>da Piazza della Rena ed arrivo al Parco Sissi. Una piacevole giornata passata in sella attraversando il centro cittadino in attesa dei giochi preparati dal VKE e l\u00b4attesissimo gelato offerto dalla Gelateria Sabine. &#8220;La nuova fiaba della bicicletta\u201d, questo era il motto della manifestazione per vivere insieme una domenica. Perfetta l\u00b4organizzazione grazie al Comune di Merano con la Vicesindaca Katharina Zeller e l\u2019Assessora Emanuela Albieri, entrambe in perfetto stile mascherato; grazie anche alle scorte della Polizia locale e ai volontari di FIAB-STAA, Vedi&nbsp; <strong><a href=\"https:\/\/fiab-staa.it\/wp-admin\/post.php?post=305&amp;action=edit&amp;lang=de\">&gt; FOTO QUI<\/a><\/strong><\/p>\n<\/div>\n<\/div>\n<\/div>\n<\/div>\n\n\n\n<h2 class=\"wp-block-heading has-medium-font-size\"><strong><strong>#andr\u00e0tuttinbici: campagna informativa <\/strong><\/strong>anche in Alto Adige  <\/h2>\n\n\n\n<div class=\"wp-block-columns is-layout-flex wp-container-core-columns-is-layout-9d6595d7 wp-block-columns-is-layout-flex\">\n<div class=\"wp-block-column is-layout-flow wp-block-column-is-layout-flow\" style=\"flex-basis:33.33%\">\n<figure class=\"wp-block-image size-large is-resized\"><img loading=\"lazy\" decoding=\"async\" src=\"https:\/\/fiab-staa.it\/wp-content\/uploads\/2023\/08\/anrdatuttinbici-727x1024.jpg\" alt=\"\" class=\"wp-image-381\" style=\"width:167px;height:236px\" width=\"167\" height=\"236\" srcset=\"https:\/\/fiab-staa.it\/wp-content\/uploads\/2023\/08\/anrdatuttinbici-727x1024.jpg 727w, https:\/\/fiab-staa.it\/wp-content\/uploads\/2023\/08\/anrdatuttinbici-213x300.jpg 213w, https:\/\/fiab-staa.it\/wp-content\/uploads\/2023\/08\/anrdatuttinbici-768x1082.jpg 768w, https:\/\/fiab-staa.it\/wp-content\/uploads\/2023\/08\/anrdatuttinbici.jpg 852w\" sizes=\"(max-width: 167px) 100vw, 167px\" \/><\/figure>\n<\/div>\n\n\n\n<div class=\"wp-block-column is-layout-flow wp-block-column-is-layout-flow\" style=\"flex-basis:99%\">\n<p class=\"has-small-font-size\">Arrivano anche in Alto Adige i vistosi manifesti gialli della favolosa campagna <strong>#andr\u00e0tuttinbici&#8221; <\/strong>per promuovere l&#8217;uso della bicicletta. Con slogan come <strong>\u201cInstalla l\u2019antivirus&#8221;, \u201cDai Aria\u201d, \u201cDagli dei metri\u201d<\/strong> approda anche in Alto Adige l\u00b4azione lanciata a livello nazionale in alcune citt\u00e0 per dare il messaggio che \u00e8 la bicicletta il mezzo perfetto per gli spostamenti (non solo) nell\u00b4emergenza Covid-19. L\u2019inizativa \u00e8 promossa da <strong>FIAB-S\u00fcdtirol Alto Adige<\/strong> in collaborazione con <strong>&#8220;Salvaciclisti&#8221; di Bologna, Provincia di Bolzano e Green Mobility (STA)<\/strong>. Gli slogan, tradotti anche in tedesco e ladino, compariranno su manifesti di colore giallo in tutto l\u00b4Alto Adige e soprattutto a Bolzano in uffici, stazioni, scuole e treni. La campagna \u00e8 stata ideata nel periodo del Coronavirus. \u201cInfatti, spostarsi in bici garantisce il distanziamento fisico, fa bene alla salute, rafforza le difese immunitarie, mantiene l\u2019aria pulita&#8221;, afferma l&#8217;assessore alla mobilit\u00e1 <strong>Daniel Alfreider.<\/strong> &#8220;Andare in bici favorisce anche la vita all\u2019aria aperta, concede pi\u00f9 tempo per s\u00e9 stessi e permette il ricostruirsi di relazioni interrotte dalla quarantena&#8221;.<\/p>\n<\/div>\n<\/div>\n\n\n\n<figure class=\"wp-block-gallery has-nested-images columns-default is-cropped wp-block-gallery-1 is-layout-flex wp-block-gallery-is-layout-flex\">\n<figure class=\"wp-block-image size-large\"><img loading=\"lazy\" decoding=\"async\" width=\"1024\" height=\"435\" data-id=\"385\" src=\"https:\/\/fiab-staa.it\/wp-content\/uploads\/2023\/08\/file2-Kopie-1024x435.jpg\" alt=\"\" class=\"wp-image-385\" srcset=\"https:\/\/fiab-staa.it\/wp-content\/uploads\/2023\/08\/file2-Kopie-1024x435.jpg 1024w, https:\/\/fiab-staa.it\/wp-content\/uploads\/2023\/08\/file2-Kopie-300x128.jpg 300w, https:\/\/fiab-staa.it\/wp-content\/uploads\/2023\/08\/file2-Kopie-768x326.jpg 768w, https:\/\/fiab-staa.it\/wp-content\/uploads\/2023\/08\/file2-Kopie-1536x653.jpg 1536w, https:\/\/fiab-staa.it\/wp-content\/uploads\/2023\/08\/file2-Kopie-2048x871.jpg 2048w\" sizes=\"(max-width: 1024px) 100vw, 1024px\" \/><\/figure>\n<\/figure>\n\n\n\n<p><\/p>\n","protected":false},"excerpt":{"rendered":"<p>VELOFLORA 2023 Anche quest&#8217;anno, nella giornata del 1\u00b0 maggio, avr\u00e0 luogo il meraviglioso Mercato dei Fiori nella centrale Piazza Walther a Bolzano, che con la sua architettura poliedrica \u00e8 il posto giusto per un evento cos\u00ec bello e colorato. Non solo vi troverete piante e fiori di tutti i tipi,&hellip;<\/p>\n<p> <a class=\"more-link\" href=\"https:\/\/fiab-staa.it\/it\/attivita\/\">Leggi tutto<\/a><\/p>\n","protected":false},"author":3,"featured_media":0,"parent":0,"menu_order":0,"comment_status":"closed","ping_status":"closed","template":"","meta":{"footnotes":""},"class_list":["post-655","page","type-page","status-publish"],"_links":{"self":[{"href":"https:\/\/fiab-staa.it\/it\/wp-json\/wp\/v2\/pages\/655","targetHints":{"allow":["GET"]}}],"collection":[{"href":"https:\/\/fiab-staa.it\/it\/wp-json\/wp\/v2\/pages"}],"about":[{"href":"https:\/\/fiab-staa.it\/it\/wp-json\/wp\/v2\/types\/page"}],"author":[{"embeddable":true,"href":"https:\/\/fiab-staa.it\/it\/wp-json\/wp\/v2\/users\/3"}],"replies":[{"embeddable":true,"href":"https:\/\/fiab-staa.it\/it\/wp-json\/wp\/v2\/comments?post=655"}],"version-history":[{"count":2,"href":"https:\/\/fiab-staa.it\/it\/wp-json\/wp\/v2\/pages\/655\/revisions"}],"predecessor-version":[{"id":745,"href":"https:\/\/fiab-staa.it\/it\/wp-json\/wp\/v2\/pages\/655\/revisions\/745"}],"wp:attachment":[{"href":"https:\/\/fiab-staa.it\/it\/wp-json\/wp\/v2\/media?parent=655"}],"curies":[{"name":"wp","href":"https:\/\/api.w.org\/{rel}","templated":true}]}}